{"id":9,"date":"2017-04-03T11:01:45","date_gmt":"2017-04-03T09:01:45","guid":{"rendered":"http:\/\/coup.tkdvl.com\/?page_id=9"},"modified":"2020-07-20T11:38:02","modified_gmt":"2020-07-20T09:38:02","slug":"about","status":"publish","type":"page","link":"http:\/\/desordrestudio.com\/index.php\/about\/","title":{"rendered":"\u00e0 propos"},"content":{"rendered":"<div class=\"emphasis\">\n<p>Bienvenue au<br \/>\n<strong>Studio D\u00e9sordre<\/strong><\/p>\n<p>La t\u00eate pensante de ce Studio s\u2019appelle Marie, directrice artistique, graphiste et photographe freelance.<br \/>\nElle vous accompagne\u00a0dans votre communication\u00a0et votre design.<span class=\"Apple-converted-space\"><br \/>\n<\/span>Persuad\u00e9 qu\u2019il est possible de captiver avec simplicit\u00e9, D\u00e9sordre orchestre les cr\u00e9ations num\u00e9riques, les campagnes publicitaires, la gestion des lignes \u00e9ditoriales et la direction artistique\u00a0de divers marques.<\/p>\n<h5>\u00ab\u00a0J&#8217;aime les sujets vari\u00e9s, les nouvelles exp\u00e9riences et les d\u00e9fis cr\u00e9atifs.\u00a0Ma sensibilit\u00e9 esth\u00e9tique et mon besoin de cr\u00e9er du sens sont au c\u0153ur\u00a0de mes motivations.\u00a0\u00bb<\/h5>\n<\/div>\n<div class=\"twocolumn\">\n<div>\n<h5>Clients<\/h5>\n<p>Clarins<br \/>\nL&#8217;Occitane<br \/>\nChampagne Lanson et Besserat<br \/>\nArlettie<br \/>\nSarenza<br \/>\nAccor<br \/>\nSquare<br \/>\nBlend My Day<\/p>\n<\/div>\n<div>\n<h5>Services<\/h5>\n<p>Logo et Charte Graphique<br \/>\n\u00c9dition<br \/>\nSocial Media<br \/>\nPackaging<br \/>\nPhotographie Still Life<br \/>\nPhotographie Mode<br \/>\nPhotographie Lifestyle<br \/>\nRetouche photo<\/p>\n<\/div>\n<\/div>\n","protected":false},"excerpt":{"rendered":"<p>Bienvenue au Studio D\u00e9sordre La t\u00eate pensante de ce Studio s\u2019appelle Marie, directrice artistique, graphiste et photographe freelance. Elle vous accompagne\u00a0dans votre communication\u00a0et votre design. Persuad\u00e9 qu\u2019il est possible de captiver avec simplicit\u00e9, D\u00e9sordre orchestre les cr\u00e9ations num\u00e9riques, les campagnes publicitaires, la gestion des lignes \u00e9ditoriales et la direction artistique\u00a0de divers marques. \u00ab\u00a0J&#8217;aime les sujets<\/p>\n","protected":false},"author":1,"featured_media":0,"parent":0,"menu_order":0,"comment_status":"closed","ping_status":"closed","template":"","meta":{"footnotes":""},"class_list":["post-9","page","type-page","status-publish","hentry"],"jetpack_sharing_enabled":true,"_links":{"self":[{"href":"http:\/\/desordrestudio.com\/index.php\/wp-json\/wp\/v2\/pages\/9","targetHints":{"allow":["GET"]}}],"collection":[{"href":"http:\/\/desordrestudio.com\/index.php\/wp-json\/wp\/v2\/pages"}],"about":[{"href":"http:\/\/desordrestudio.com\/index.php\/wp-json\/wp\/v2\/types\/page"}],"author":[{"embeddable":true,"href":"http:\/\/desordrestudio.com\/index.php\/wp-json\/wp\/v2\/users\/1"}],"replies":[{"embeddable":true,"href":"http:\/\/desordrestudio.com\/index.php\/wp-json\/wp\/v2\/comments?post=9"}],"version-history":[{"count":24,"href":"http:\/\/desordrestudio.com\/index.php\/wp-json\/wp\/v2\/pages\/9\/revisions"}],"predecessor-version":[{"id":2074,"href":"http:\/\/desordrestudio.com\/index.php\/wp-json\/wp\/v2\/pages\/9\/revisions\/2074"}],"wp:attachment":[{"href":"http:\/\/desordrestudio.com\/index.php\/wp-json\/wp\/v2\/media?parent=9"}],"curies":[{"name":"wp","href":"https:\/\/api.w.org\/{rel}","templated":true}]}}